{"id":38,"date":"2024-01-05T13:05:19","date_gmt":"2024-01-05T13:05:19","guid":{"rendered":"https:\/\/raevo.de\/?page_id=38"},"modified":"2024-01-11T07:10:07","modified_gmt":"2024-01-11T07:10:07","slug":"raedervogel-gmbh","status":"publish","type":"page","link":"https:\/\/raevo.de\/","title":{"rendered":"Raeder+Vogel GmbH"},"content":{"rendered":"\n<p>Immer sch\u00f6n elegant im Workflow, dabei jederzeit wendig und flexibel:<br>So k\u00f6nnte man die Philosophie beschreiben, mit der wir f\u00fcr unsere Kunden als CAJAC unterwegs sind.<\/p>\n\n\n\n<div class=\"wp-block-columns is-layout-flex wp-container-core-columns-is-layout-9d6595d7 wp-block-columns-is-layout-flex\">\n<div class=\"wp-block-column is-layout-flow wp-block-column-is-layout-flow\">\n<h3 class=\"wp-block-heading has-large-font-size\">Woher CAJAC kommt<\/h3>\n\n\n\n<p>Bereits 1991 entwickelte die Firma Raeder&nbsp;+&nbsp;Vogel GmbH ein Dokumentenmanagement-System mit dem Namen&nbsp;<em>cajac<\/em>, zun\u00e4chst prim\u00e4r f\u00fcr den technischen Bereich. Im Laufe der folgenden Jahre wurde die Notwendigkeit f\u00fcr ein digitales Dokumentenarchiv auch in anderen Gesch\u00e4ftsbereichen immer deutlicher \u2013 und die Software zu einem umf\u00e4nglichen CRM-System ausgebaut.<\/p>\n<\/div>\n\n\n\n<div class=\"wp-block-column is-layout-flow wp-block-column-is-layout-flow\">\n<figure class=\"wp-block-image is-resized\"><img decoding=\"async\" src=\"https:\/\/www.cajac-solutions.de\/wp-content\/uploads\/2022\/06\/about_cajac_1.jpg\" alt=\"\" class=\"wp-image-3736\" style=\"width:522px;height:auto\"\/><\/figure>\n<\/div>\n<\/div>\n\n\n\n<div style=\"height:10px\" aria-hidden=\"true\" class=\"wp-block-spacer\"><\/div>\n\n\n\n<div class=\"wp-block-columns is-layout-flex wp-container-core-columns-is-layout-9d6595d7 wp-block-columns-is-layout-flex\">\n<div class=\"wp-block-column is-layout-flow wp-block-column-is-layout-flow\">\n<figure class=\"wp-block-image is-resized\"><img decoding=\"async\" src=\"https:\/\/www.cajac-solutions.de\/wp-content\/uploads\/2022\/02\/AdobeStock_450927227.jpg\" alt=\"\" class=\"wp-image-1354\" style=\"width:522px;height:auto\"\/><\/figure>\n<\/div>\n\n\n\n<div class=\"wp-block-column is-layout-flow wp-block-column-is-layout-flow\">\n<h3 class=\"wp-block-heading has-large-font-size\">Wie sich CAJAC entwickelte<\/h3>\n\n\n\n<p>Im Jahr 2007 erg\u00e4nzte die Firma Raeder + Vogel in enger Zusammenarbeit mit einer gro\u00dfen Hausverwaltung die Software CAJAC um eine Vielzahl von Funktionen speziell f\u00fcr den Immobilienmarkt, vornehmlich f\u00fcr WEG-Hausverwaltungen. Seit 2011 wird CAJAC von zahlreichen Hausverwaltungen eingesetzt, vereinfacht die t\u00e4glichen Prozessabl\u00e4ufe \u2013&nbsp;und wird in enger Kooperation mit unseren Kunden st\u00e4ndig optimiert.<\/p>\n<\/div>\n<\/div>\n\n\n\n<div style=\"height:10px\" aria-hidden=\"true\" class=\"wp-block-spacer\"><\/div>\n\n\n\n<div class=\"wp-block-columns is-layout-flex wp-container-core-columns-is-layout-9d6595d7 wp-block-columns-is-layout-flex\">\n<div class=\"wp-block-column is-layout-flow wp-block-column-is-layout-flow\">\n<h3 class=\"wp-block-heading has-large-font-size\">Wohin CAJAC unterwegs ist<\/h3>\n\n\n\n<p>Seit 2019 betreut die CAJAC Solutions GmbH den Service und die Weiterentwicklung der CAJAC Software, die sich nun bereits seit 15 Jahren darin bew\u00e4hrt hat, die Workflows von Hausverwaltungen entspannter und effizienter zu gestalten. Unser Ziel ist es, darauf aufzubauen. Und weiterhin kontinuierlich besser zu werden.<\/p>\n<\/div>\n\n\n\n<div class=\"wp-block-column is-layout-flow wp-block-column-is-layout-flow\">\n<figure class=\"wp-block-image\"><img decoding=\"async\" src=\"https:\/\/www.cajac-solutions.de\/wp-content\/uploads\/2022\/02\/AdobeStock_333318057.jpg\" alt=\"\" class=\"wp-image-1357\"\/><\/figure>\n<\/div>\n<\/div>\n","protected":false},"excerpt":{"rendered":"<p>Immer sch\u00f6n elegant im Workflow, dabei jederzeit wendig und flexibel:So k\u00f6nnte man die Philosophie beschreiben, mit der wir f\u00fcr unsere Kunden als CAJAC unterwegs sind. &hellip;<\/p>\n","protected":false},"author":1,"featured_media":0,"parent":0,"menu_order":0,"comment_status":"closed","ping_status":"closed","template":"","meta":{"footnotes":""},"class_list":["post-38","page","type-page","status-publish","hentry"],"_links":{"self":[{"href":"https:\/\/raevo.de\/index.php?rest_route=\/wp\/v2\/pages\/38","targetHints":{"allow":["GET"]}}],"collection":[{"href":"https:\/\/raevo.de\/index.php?rest_route=\/wp\/v2\/pages"}],"about":[{"href":"https:\/\/raevo.de\/index.php?rest_route=\/wp\/v2\/types\/page"}],"author":[{"embeddable":true,"href":"https:\/\/raevo.de\/index.php?rest_route=\/wp\/v2\/users\/1"}],"replies":[{"embeddable":true,"href":"https:\/\/raevo.de\/index.php?rest_route=%2Fwp%2Fv2%2Fcomments&post=38"}],"version-history":[{"count":6,"href":"https:\/\/raevo.de\/index.php?rest_route=\/wp\/v2\/pages\/38\/revisions"}],"predecessor-version":[{"id":83,"href":"https:\/\/raevo.de\/index.php?rest_route=\/wp\/v2\/pages\/38\/revisions\/83"}],"wp:attachment":[{"href":"https:\/\/raevo.de\/index.php?rest_route=%2Fwp%2Fv2%2Fmedia&parent=38"}],"curies":[{"name":"wp","href":"https:\/\/api.w.org\/{rel}","templated":true}]}}